{"id":5,"date":"2025-10-04T07:18:27","date_gmt":"2025-10-04T07:18:27","guid":{"rendered":"https:\/\/boris-rudolph.de\/welcome-to-https-boris-rudolph-de\/"},"modified":"2025-10-17T15:57:47","modified_gmt":"2025-10-17T15:57:47","slug":"welcome-to-https-boris-rudolph-de","status":"publish","type":"page","link":"https:\/\/boris-rudolph.de\/welcome-to-https-boris-rudolph-de\/","title":{"rendered":"Startseite"},"content":{"rendered":"<div class=\"wp-block-image\">\n<figure class=\"alignright size-large is-resized\"><img loading=\"lazy\" decoding=\"async\" width=\"768\" height=\"1024\" src=\"https:\/\/boris-rudolph.de\/wp-content\/uploads\/2025\/10\/20200220_131530-1-768x1024.jpg\" alt=\"\" class=\"wp-image-141\" style=\"width:346px;height:auto\" srcset=\"https:\/\/boris-rudolph.de\/wp-content\/uploads\/2025\/10\/20200220_131530-1-768x1024.jpg 768w, https:\/\/boris-rudolph.de\/wp-content\/uploads\/2025\/10\/20200220_131530-1-225x300.jpg 225w, https:\/\/boris-rudolph.de\/wp-content\/uploads\/2025\/10\/20200220_131530-1-1152x1536.jpg 1152w, https:\/\/boris-rudolph.de\/wp-content\/uploads\/2025\/10\/20200220_131530-1-1536x2048.jpg 1536w, https:\/\/boris-rudolph.de\/wp-content\/uploads\/2025\/10\/20200220_131530-1-scaled.jpg 1920w\" sizes=\"auto, (max-width: 768px) 100vw, 768px\" \/><\/figure>\n<\/div>\n\n\n<p><strong>Boris Rudolph, <\/strong>Dipl. -Ing.\u00a0<br>beh\u00f6rdlich bestimmter Sachverst\u00e4ndiger gem. Strahlenschutzgesetz<\/p>\n\n\n\n<p><\/p>\n\n\n\n<p><\/p>\n\n\n\n<div class=\"wp-block-buttons is-content-justification-left is-layout-flex wp-container-core-buttons-is-layout-fdcfc74e wp-block-buttons-is-layout-flex\">\n<div class=\"wp-block-button\"><a class=\"wp-block-button__link wp-element-button\">B\u00fcro: <\/a><\/div>\n<\/div>\n\n\n\n<p>Bismarckstra\u00dfe 112<\/p>\n\n\n\n<p>47799 Krefeld <\/p>\n\n\n\n<p>Tel.: 02151 \/ 598485 <\/p>\n\n\n\n<p> Fax.: 02151\/505620<\/p>\n\n\n\n<p><\/p>\n\n\n\n<div style=\"height:72px\" aria-hidden=\"true\" class=\"wp-block-spacer\"><\/div>\n\n\n\n<p><strong>Boris Rudolph, Dipl. -Ing.<\/strong><br>seit Januar 2009 von der Bezirksregierung D\u00fcsseldorf zum beh\u00f6rdlich Sachverst\u00e4ndigen in NRW&nbsp;bestimmt<\/p>\n\n\n\n<p><br><strong>T\u00e4tigkeitsschwerpunkte:<\/strong><br>Durchf\u00fchrung von Strahlenschutzpr\u00fcfungen gem\u00e4\u00df \u00a7&nbsp;19 und \u00a712 Strahlenschutzgesetz&nbsp;bzw. \u00a7&nbsp;88&nbsp;Strahlenschutzverordnung an R\u00f6ntgeneinrichtungen in der Human- , Zahn- und Tiermedizin innerhalb von NRW (vorzugsweise \u201eNordrhein\u201c \u2013 Bezirksregierungen D\u00fcsseldorf und K\u00f6ln)<br><\/p>\n","protected":false},"excerpt":{"rendered":"<p>Boris Rudolph, Dipl. -Ing.\u00a0beh\u00f6rdlich bestimmter Sachverst\u00e4ndiger gem. Strahlenschutzgesetz Bismarckstra\u00dfe 112 47799 Krefeld Tel.: 02151 \/ 598485 Fax.: 02151\/505620 Boris Rudolph, Dipl. -Ing.seit Januar 2009 von der Bezirksregierung D\u00fcsseldorf zum beh\u00f6rdlich&hellip;<\/p>\n","protected":false},"author":1,"featured_media":23,"parent":0,"menu_order":0,"comment_status":"closed","ping_status":"open","template":"","meta":{"footnotes":""},"class_list":["post-5","page","type-page","status-publish","has-post-thumbnail","hentry"],"_links":{"self":[{"href":"https:\/\/boris-rudolph.de\/welcome-to-https-boris-rudolph-de\/wp-json\/wp\/v2\/pages\/5","targetHints":{"allow":["GET"]}}],"collection":[{"href":"https:\/\/boris-rudolph.de\/welcome-to-https-boris-rudolph-de\/wp-json\/wp\/v2\/pages"}],"about":[{"href":"https:\/\/boris-rudolph.de\/welcome-to-https-boris-rudolph-de\/wp-json\/wp\/v2\/types\/page"}],"author":[{"embeddable":true,"href":"https:\/\/boris-rudolph.de\/welcome-to-https-boris-rudolph-de\/wp-json\/wp\/v2\/users\/1"}],"replies":[{"embeddable":true,"href":"https:\/\/boris-rudolph.de\/welcome-to-https-boris-rudolph-de\/wp-json\/wp\/v2\/comments?post=5"}],"version-history":[{"count":28,"href":"https:\/\/boris-rudolph.de\/welcome-to-https-boris-rudolph-de\/wp-json\/wp\/v2\/pages\/5\/revisions"}],"predecessor-version":[{"id":318,"href":"https:\/\/boris-rudolph.de\/welcome-to-https-boris-rudolph-de\/wp-json\/wp\/v2\/pages\/5\/revisions\/318"}],"wp:featuredmedia":[{"embeddable":true,"href":"https:\/\/boris-rudolph.de\/welcome-to-https-boris-rudolph-de\/wp-json\/wp\/v2\/media\/23"}],"wp:attachment":[{"href":"https:\/\/boris-rudolph.de\/welcome-to-https-boris-rudolph-de\/wp-json\/wp\/v2\/media?parent=5"}],"curies":[{"name":"wp","href":"https:\/\/api.w.org\/{rel}","templated":true}]}}