{"id":30,"date":"2025-10-04T07:51:21","date_gmt":"2025-10-04T07:51:21","guid":{"rendered":"https:\/\/boris-rudolph.de\/?page_id=30"},"modified":"2026-02-26T08:32:33","modified_gmt":"2026-02-26T08:32:33","slug":"kontakt","status":"publish","type":"page","link":"https:\/\/boris-rudolph.de\/welcome-to-https-boris-rudolph-de\/kontakt\/","title":{"rendered":"Kontakt"},"content":{"rendered":"\n<h2 class=\"wp-block-heading\">Kontakt<\/h2>\n\n\n\n<div class=\"wp-block-contact-form-7-contact-form-selector\">\n<div class=\"wpcf7 no-js\" id=\"wpcf7-f413-o1\" lang=\"de-DE\" dir=\"ltr\" data-wpcf7-id=\"413\">\n<div class=\"screen-reader-response\"><p role=\"status\" aria-live=\"polite\" aria-atomic=\"true\"><\/p> <ul><\/ul><\/div>\n<form action=\"\/welcome-to-https-boris-rudolph-de\/wp-json\/wp\/v2\/pages\/30#wpcf7-f413-o1\" method=\"post\" class=\"wpcf7-form init\" aria-label=\"Kontaktformular\" novalidate=\"novalidate\" data-status=\"init\">\n<fieldset class=\"hidden-fields-container\"><input type=\"hidden\" name=\"_wpcf7\" value=\"413\" \/><input type=\"hidden\" name=\"_wpcf7_version\" value=\"6.1.5\" \/><input type=\"hidden\" name=\"_wpcf7_locale\" value=\"de_DE_formal\" \/><input type=\"hidden\" name=\"_wpcf7_unit_tag\" value=\"wpcf7-f413-o1\" \/><input type=\"hidden\" name=\"_wpcf7_container_post\" value=\"0\" \/><input type=\"hidden\" name=\"_wpcf7_posted_data_hash\" value=\"\" \/><input type=\"hidden\" name=\"_wpcf7_recaptcha_response\" value=\"\" \/>\n<\/fieldset>\n<p><label> Ihr Name<br \/>\n<span class=\"wpcf7-form-control-wrap\" data-name=\"your-name\"><input size=\"40\" maxlength=\"400\" class=\"wpcf7-form-control wpcf7-text wpcf7-validates-as-required\" autocomplete=\"name\" aria-required=\"true\" aria-invalid=\"false\" value=\"\" type=\"text\" name=\"your-name\" \/><\/span> <\/label>\n<\/p>\n<p><label> Ihre E-Mail-Adresse<br \/>\n<span class=\"wpcf7-form-control-wrap\" data-name=\"your-email\"><input size=\"40\" maxlength=\"400\" class=\"wpcf7-form-control wpcf7-email wpcf7-validates-as-required wpcf7-text wpcf7-validates-as-email\" autocomplete=\"email\" aria-required=\"true\" aria-invalid=\"false\" value=\"\" type=\"email\" name=\"your-email\" \/><\/span> <\/label>\n<\/p>\n<p><label> Betreff<br \/>\n<span class=\"wpcf7-form-control-wrap\" data-name=\"your-subject\"><input size=\"40\" maxlength=\"400\" class=\"wpcf7-form-control wpcf7-text wpcf7-validates-as-required\" aria-required=\"true\" aria-invalid=\"false\" value=\"\" type=\"text\" name=\"your-subject\" \/><\/span> <\/label>\n<\/p>\n<p><label> Ihre Nachricht (optional)<br \/>\n<span class=\"wpcf7-form-control-wrap\" data-name=\"your-message\"><textarea cols=\"40\" rows=\"10\" maxlength=\"2000\" class=\"wpcf7-form-control wpcf7-textarea\" aria-invalid=\"false\" name=\"your-message\"><\/textarea><\/span> <\/label>\n<\/p>\n<p><span class=\"wpcf7-form-control-wrap\" data-name=\"acceptance-988\"><span class=\"wpcf7-form-control wpcf7-acceptance\"><span class=\"wpcf7-list-item\"><label><input type=\"checkbox\" name=\"acceptance-988\" value=\"1\" aria-invalid=\"false\" \/><span class=\"wpcf7-list-item-label\">Mit der \u00dcbersendung meiner pers\u00f6nlichen Daten bin ich einverstanden.<\/span><\/label><\/span><\/span><\/span><br \/>\n<input class=\"wpcf7-form-control wpcf7-submit has-spinner\" type=\"submit\" value=\"Senden\" \/>\n<\/p><div class=\"wpcf7-response-output\" aria-hidden=\"true\"><\/div>\n<\/form>\n<\/div>\n<\/div>\n\n\n\n<p>F\u00fcr die \u00dcbermittlung von gr\u00f6\u00dferen Datenmengen (z.B. Nachtrag von pr\u00fcfungsrelevanten Dokumenten etc.) steht ein Transferverzeichnis zur Verf\u00fcgung siehe <strong><a href=\"https:\/\/my.hidrive.com\/share\/o1hpbdtpi9\" data-type=\"link\" data-id=\"https:\/\/my.hidrive.com\/share\/o1hpbdtpi9\">Link<\/a><\/strong>. Bitte k\u00fcndigen sie den Datentransfer \u00fcber das obere Kontaktformular an, damit ich diesen entsprechend zuordnen kann. Im Idealfall sch\u00fctzen Sie Ihre Daten mit einem Passwort indem Sie das entsprechende Verzeichnis z.B. in das .zip Format (<a href=\"https:\/\/de.wikipedia.org\/wiki\/ZIP-Dateiformat\">https:\/\/de.wikipedia.org\/wiki\/ZIP-Dateiformat<\/a>) konvertieren. Unangek\u00fcndigte Daten werden gel\u00f6scht. Ein Haftung \u00fcbernehme ich hierf\u00fcr nicht.<\/p>\n\n\n\n<div class=\"wp-block-group is-nowrap is-layout-flex wp-container-core-group-is-layout-ad2f72ca wp-block-group-is-layout-flex\">\n<div style=\"height:100px;width:841px\" aria-hidden=\"true\" class=\"wp-block-spacer wp-container-content-802e85b3\"><\/div>\n<\/div>\n\n\n\n<p>Ich unterst\u00fctze verschl\u00fcsselte E-Mails nach dem <a href=\"https:\/\/www.bsi.bund.de\/DE\/Themen\/Verbraucherinnen-und-Verbraucher\/Informationen-und-Empfehlungen\/Onlinekommunikation\/Verschluesselt-kommunizieren\/E-Mail-Verschluesselung\/E-Mail-Verschluesselung-in-der-Praxis\/e-mail-verschluesselung-in-der-praxis.html\"><strong>Open PGP Verfahren<\/strong><\/a> . Wenn Sie dies w\u00fcnschen informieren Sie mich bitte \u00fcber das Kontaktformular und ich sende Ihnen dann meinen \u00f6ffentlichen Schl\u00fcssel zu.<\/p>\n\n\n\n<div class=\"wp-block-group is-nowrap is-layout-flex wp-container-core-group-is-layout-ad2f72ca wp-block-group-is-layout-flex\">\n<div style=\"height:100px;width:843px\" aria-hidden=\"true\" class=\"wp-block-spacer wp-container-content-c4ed87f7\"><\/div>\n<\/div>\n\n\n\n<p><\/p>\n\n\n<div class=\"wp-block-image\">\n<figure class=\"alignright size-full is-resized\"><img loading=\"lazy\" decoding=\"async\" width=\"180\" height=\"270\" src=\"https:\/\/boris-rudolph.de\/wp-content\/uploads\/2025\/10\/Roentgen-Hand-historisch-1.jpg\" alt=\"\" class=\"wp-image-137\" style=\"width:177px;height:auto\"\/><\/figure>\n<\/div>\n\n\n<p>Am 22.12.1895 fertigte Wilhelm Conrad R\u00f6ntgen diese Aufnahme der rechten Hand von seiner Frau Bertha an. Die Belichtungszeit betrug mehr als 30 Minuten. Dieses Datum gilt auch als &#8222;Geburtsstunde&#8220; der Radiologie. Die Besonderheit dieser Aufnahme ist der &#8222;frei schwebende&#8220; Ring. (Quelle : <a href=\"https:\/\/roentgenmuseum.de\/\">https:\/\/roentgenmuseum.de<\/a> )<\/p>\n\n\n\n<p><\/p>\n\n\n\n<div class=\"wp-block-group is-nowrap is-layout-flex wp-container-core-group-is-layout-ad2f72ca wp-block-group-is-layout-flex\">\n<p><\/p>\n\n\n\n<p><\/p>\n\n\n\n<p><\/p>\n\n\n\n<p><\/p>\n\n\n\n<p><\/p>\n\n\n\n<p><\/p>\n<\/div>\n","protected":false},"excerpt":{"rendered":"<p>Kontakt F\u00fcr die \u00dcbermittlung von gr\u00f6\u00dferen Datenmengen (z.B. Nachtrag von pr\u00fcfungsrelevanten Dokumenten etc.) steht ein Transferverzeichnis zur Verf\u00fcgung siehe Link. Bitte k\u00fcndigen sie den Datentransfer \u00fcber das obere Kontaktformular an,&hellip;<\/p>\n","protected":false},"author":1,"featured_media":0,"parent":0,"menu_order":0,"comment_status":"closed","ping_status":"closed","template":"","meta":{"footnotes":""},"class_list":["post-30","page","type-page","status-publish","hentry"],"_links":{"self":[{"href":"https:\/\/boris-rudolph.de\/welcome-to-https-boris-rudolph-de\/wp-json\/wp\/v2\/pages\/30","targetHints":{"allow":["GET"]}}],"collection":[{"href":"https:\/\/boris-rudolph.de\/welcome-to-https-boris-rudolph-de\/wp-json\/wp\/v2\/pages"}],"about":[{"href":"https:\/\/boris-rudolph.de\/welcome-to-https-boris-rudolph-de\/wp-json\/wp\/v2\/types\/page"}],"author":[{"embeddable":true,"href":"https:\/\/boris-rudolph.de\/welcome-to-https-boris-rudolph-de\/wp-json\/wp\/v2\/users\/1"}],"replies":[{"embeddable":true,"href":"https:\/\/boris-rudolph.de\/welcome-to-https-boris-rudolph-de\/wp-json\/wp\/v2\/comments?post=30"}],"version-history":[{"count":28,"href":"https:\/\/boris-rudolph.de\/welcome-to-https-boris-rudolph-de\/wp-json\/wp\/v2\/pages\/30\/revisions"}],"predecessor-version":[{"id":452,"href":"https:\/\/boris-rudolph.de\/welcome-to-https-boris-rudolph-de\/wp-json\/wp\/v2\/pages\/30\/revisions\/452"}],"wp:attachment":[{"href":"https:\/\/boris-rudolph.de\/welcome-to-https-boris-rudolph-de\/wp-json\/wp\/v2\/media?parent=30"}],"curies":[{"name":"wp","href":"https:\/\/api.w.org\/{rel}","templated":true}]}}