{"id":28,"date":"2025-10-04T12:02:15","date_gmt":"2025-10-04T12:02:15","guid":{"rendered":"https:\/\/boris-rudolph.de\/?page_id=28"},"modified":"2026-03-26T14:44:29","modified_gmt":"2026-03-26T14:44:29","slug":"impressum","status":"publish","type":"page","link":"https:\/\/boris-rudolph.de\/welcome-to-https-boris-rudolph-de\/impressum\/","title":{"rendered":"Impressum"},"content":{"rendered":"\n<h2 class=\"wp-block-heading\">Impressum<\/h2>\n\n\n<div class=\"wp-block-image\">\n<figure class=\"alignright is-resized\"><img loading=\"lazy\" decoding=\"async\" width=\"370\" height=\"370\" src=\"https:\/\/boris-rudolph.de\/wp-content\/uploads\/2025\/10\/1wappenzeichen_nrw_farbig_cmyk_0-1.jpg\" alt=\"https:\/\/www.im.nrw\/themen\/verwaltung\/beflaggung-und-wappen\/landeswappen-und-siegel\" class=\"wp-image-131\" style=\"width:336px;height:auto\" srcset=\"https:\/\/boris-rudolph.de\/wp-content\/uploads\/2025\/10\/1wappenzeichen_nrw_farbig_cmyk_0-1.jpg 370w, https:\/\/boris-rudolph.de\/wp-content\/uploads\/2025\/10\/1wappenzeichen_nrw_farbig_cmyk_0-1-300x300.jpg 300w, https:\/\/boris-rudolph.de\/wp-content\/uploads\/2025\/10\/1wappenzeichen_nrw_farbig_cmyk_0-1-150x150.jpg 150w\" sizes=\"auto, (max-width: 370px) 100vw, 370px\" \/><figcaption class=\"wp-element-caption\"><a href=\"https:\/\/www.im.nrw\/themen\/verwaltung\/beflaggung-und-wappen\/landeswappen-und-siegel\">https:\/\/www.im.nrw\/themen\/verwaltung\/beflaggung-und-wappen\/landeswappen-und-siegel<\/a><\/figcaption><\/figure>\n<\/div>\n\n\n<p class=\"has-medium-font-size\" id=\"Impressum\"><br><br>Boris Rudolph, Dipl. \u2013 Ing.<br>beh\u00f6rdlich bestimmter Sachverst\u00e4ndiger (NRW)<br><br>Bestallungsgeber:<br>Bezirksregierung D\u00fcsseldorf \u2013 Cecilienallee 2 \u2013 40474 D\u00fcsseldorf<br><br><\/p>\n\n\n\n<p class=\"has-medium-font-size\" id=\"Impressum\">Kontakt:<br>siehe Startseite und Kontaktformular <\/p>\n\n\n\n<p><\/p>\n","protected":false},"excerpt":{"rendered":"<p>Impressum Boris Rudolph, Dipl. \u2013 Ing.beh\u00f6rdlich bestimmter Sachverst\u00e4ndiger (NRW) Bestallungsgeber:Bezirksregierung D\u00fcsseldorf \u2013 Cecilienallee 2 \u2013 40474 D\u00fcsseldorf Kontakt:siehe Startseite und Kontaktformular<\/p>\n","protected":false},"author":1,"featured_media":0,"parent":0,"menu_order":0,"comment_status":"closed","ping_status":"closed","template":"","meta":{"footnotes":""},"class_list":["post-28","page","type-page","status-publish","hentry"],"_links":{"self":[{"href":"https:\/\/boris-rudolph.de\/welcome-to-https-boris-rudolph-de\/wp-json\/wp\/v2\/pages\/28","targetHints":{"allow":["GET"]}}],"collection":[{"href":"https:\/\/boris-rudolph.de\/welcome-to-https-boris-rudolph-de\/wp-json\/wp\/v2\/pages"}],"about":[{"href":"https:\/\/boris-rudolph.de\/welcome-to-https-boris-rudolph-de\/wp-json\/wp\/v2\/types\/page"}],"author":[{"embeddable":true,"href":"https:\/\/boris-rudolph.de\/welcome-to-https-boris-rudolph-de\/wp-json\/wp\/v2\/users\/1"}],"replies":[{"embeddable":true,"href":"https:\/\/boris-rudolph.de\/welcome-to-https-boris-rudolph-de\/wp-json\/wp\/v2\/comments?post=28"}],"version-history":[{"count":15,"href":"https:\/\/boris-rudolph.de\/welcome-to-https-boris-rudolph-de\/wp-json\/wp\/v2\/pages\/28\/revisions"}],"predecessor-version":[{"id":457,"href":"https:\/\/boris-rudolph.de\/welcome-to-https-boris-rudolph-de\/wp-json\/wp\/v2\/pages\/28\/revisions\/457"}],"wp:attachment":[{"href":"https:\/\/boris-rudolph.de\/welcome-to-https-boris-rudolph-de\/wp-json\/wp\/v2\/media?parent=28"}],"curies":[{"name":"wp","href":"https:\/\/api.w.org\/{rel}","templated":true}]}}