{"id":27,"date":"2025-10-04T12:02:15","date_gmt":"2025-10-04T12:02:15","guid":{"rendered":"https:\/\/boris-rudolph.de\/?page_id=27"},"modified":"2026-01-19T09:18:17","modified_gmt":"2026-01-19T09:18:17","slug":"wissenswertes","status":"publish","type":"page","link":"https:\/\/boris-rudolph.de\/welcome-to-https-boris-rudolph-de\/wissenswertes\/","title":{"rendered":"Wissenswertes"},"content":{"rendered":"\n<h2 class=\"wp-block-heading\" id=\"Wissenswertes\">Wissenswertes<\/h2>\n\n\n\n<figure class=\"wp-block-video\"><video height=\"720\" style=\"aspect-ratio: 1280 \/ 720;\" width=\"1280\" controls src=\"https:\/\/boris-rudolph.de\/wp-content\/uploads\/2025\/10\/Forum20120705.mp4\"><\/video><\/figure>\n\n\n\n<p><strong>Anleitung zur Pr\u00fcfung der Artefaktfreiheit von Speicherfoliensystemen&nbsp;<\/strong>nach Abschnitt 3.2.17 der QS-RL &nbsp;Download des&nbsp;<strong><a href=\"https:\/\/boris-rudolph.de\/wp-content\/uploads\/2025\/10\/Formblatt.pdf\" target=\"_blank\" rel=\"noreferrer noopener\">Pr\u00fcfprotokolls<\/a>&nbsp;<\/strong>zur Artefaktpr\u00fcfung<br><br><strong>Qualit\u00e4tspr\u00fcfung der in Gebrauch befindlicher Schutzkleidung (DIN 6857-2)<\/strong><br>Ein<strong><a href=\"https:\/\/www.roentgensachverstaendiger.de\/Schutzkleidung\/Vortrag.pdf\" target=\"_blank\" rel=\"noreferrer noopener\">&nbsp;<\/a><a href=\"https:\/\/boris-rudolph.de\/wp-content\/uploads\/2025\/10\/Vortrag.pdf\" target=\"_blank\" rel=\"noreferrer noopener\">Vortrag<\/a><\/strong>&nbsp;von Frau Dr. Top und Herr Prof.Dr. Ewen (+). Download des<strong><a href=\"https:\/\/www.roentgensachverstaendiger.de\/download\/PP_Schutzkleidung.pdf\" target=\"_blank\" rel=\"noreferrer noopener\"><u>&nbsp;<\/u><\/a><u><a href=\"https:\/\/boris-rudolph.de\/wp-content\/uploads\/2025\/10\/Pruefprotokoll-Schutzkleidung.pdf\" target=\"_blank\" rel=\"noreferrer noopener\">Pr\u00fcfprotokolls<\/a><\/u><\/strong><br><br><strong>IGZ die Alternative \u2013 mein Fachartikel<\/strong><br>\u201eOptimierung der Strahlenexposition ist Chefsache\u201c&nbsp;<strong><u><a href=\"https:\/\/boris-rudolph.de\/wp-content\/uploads\/2025\/10\/IGZRudolph.pdf\">hier zum Download&nbsp;<\/a><\/u><\/strong><br><br><strong><a href=\"https:\/\/www.zahnaerzte-wl.de\/pages\/zahnaerztliche-stelle-roentgen-nrw\" target=\"_blank\" rel=\"noreferrer noopener\">zahn\u00e4rztliche Stelle NRW&nbsp;<\/a><\/strong><br>Dieser&nbsp;<strong><a href=\"https:\/\/www.zahnaerzte-wl.de\/file\/711663b7-4dab-44c2-8b16-62d17dc12b38\/Repetitor_Roentgen.pdf\">Repetitor<\/a><\/strong>&nbsp;fasst f\u00fcr Sie alle wichtigen Themen aus und um den Bereich R\u00f6ntgen zusammen. Unter anderem das neue Strahlenschutzgesetz, Begriffe von A-Z im R\u00f6ntgen und vieles mehr\u2026&nbsp;&nbsp;&nbsp;&nbsp;<br><strong><a href=\"http:\/\/www.zvei.de\/\" target=\"_blank\" rel=\"noreferrer noopener\"><\/a><\/strong><br>Die \u201e<strong><a href=\"https:\/\/www.zahnaerzte-wl.de\/file\/900dd979-9a14-4919-b678-2d57725675b9\/Brosch%C3%BCre%20R%C3%B6ntgendokumentation%20leicht%20gemacht.pdf\"><u>R\u00f6ntgendokumentation leicht gemacht<\/u><\/a><\/strong>\u201c &nbsp;ist eine Dokumentationshilfe. Heften Sie an den hierf\u00fcr vorgesehenen Stellen die erforderlichen Unterlagen ein. So erf\u00fcllen Sie die gesetzlichen Vorgaben ohne Stress in einer kompletten Dokumentation. F\u00fcr die Verschl\u00fcsselung von Dateien bietet die zahn\u00e4rztliche Stelle NRW&nbsp;das Programm \u201e<strong><a href=\"https:\/\/www.zahnaerzte-wl.de\/pages\/zakwl-verschlusselungs-und-entschlusselungs-manager\" target=\"_blank\" rel=\"noreferrer noopener\">Cryptfile<\/a><\/strong>\u201c an.&nbsp;<\/p>\n\n\n\n<p><br><strong><a href=\"https:\/\/www.zahnaerztekammernordrhein.de\/zahnaerzte\/praxisfuehrung-und-hygiene\/strahlenschutz\/strahlenschutz\/?sub=6\" target=\"_blank\" rel=\"noreferrer noopener\">Fachartikel<\/a><\/strong>&nbsp;zum Thema Strahlenschutzaufsicht der&nbsp;<strong>Zahn\u00e4rztekammer Nordrhein<\/strong>. Hier gibt es auch das&nbsp;<strong><a href=\"https:\/\/boris-rudolph.de\/wp-content\/uploads\/2025\/10\/Einweisung-nach-\u00a7-98-StrlSchV-1.pdf\" target=\"_blank\" rel=\"noreferrer noopener\">Formular<\/a><\/strong>&nbsp; zur Dokumentation der Einweisung nach&nbsp;\u00a7 98 StrlSchV durch den Hersteller und Lieferanten bzw. in den laufenden Betrieb. Die Aufzeichnung ist f\u00fcr die Dauer des Betriebes aufzubewahren.<\/p>\n\n\n\n<p>Der Einsatz von Formatblenden bei dentalen Aufnahmeger\u00e4ten mit Tubus  zur wesentlichen Reduzierung der Patientendosis wir in dem nachfolgenden <a href=\"https:\/\/boris-rudolph.de\/wp-content\/uploads\/2025\/11\/200DF_FormateinblTubus.pdf\" target=\"_blank\" rel=\"noreferrer noopener\"><strong>Artikel<\/strong><\/a> von PD Dr. Becker pr\u00e4zise beschrieben.<br><br>Bezug der Leitlinie der Bundes\u00e4rztekammer, diagnostische Referenzwerte, gute Vorlagen und Dokumentationen&nbsp;u.a.&nbsp;<strong><a href=\"https:\/\/www.aekno.de\/aerzte\/qualitaetssicherung\/radiologie\" target=\"_blank\" rel=\"noreferrer noopener\">\u00e4rztliche Stelle \u201eRadiologie\u201c<\/a>&nbsp;<\/strong>der&nbsp;<strong>\u00c4rztekammer&nbsp;&nbsp;Nordrhein<\/strong>.<br><strong><a href=\"https:\/\/www.forum-strahlenschutzrecht.de\/\" target=\"_blank\" rel=\"noreferrer noopener\">Forum&nbsp;Strahlenschutzrecht<\/a><\/strong><br>\u2013&nbsp; alle wichtige Fragen rund um das Thema \u201eR\u00f6ntgen\u201c.<br><br><strong>Bundesministerium f\u00fcr Umwelt, Naturschutz und Reaktorsicherheit<\/strong><br>Bezug der Sachverst\u00e4ndigenrichtlinie&nbsp; bzw. der Qualit\u00e4tssicherungsrichtlinie in der jeweils g\u00fcltigen Fassung<br><strong>\u2013<a href=\"https:\/\/www.bmu.de\/faqs\/strahlenschutzgesetz\/\">h\u00e4ufige Frage zum Strahlenschutzgesetz (FAQ)<\/a>&nbsp;\u2013<\/strong><br><br>Das&nbsp;<strong><a href=\"https:\/\/www.gesetze-im-internet.de\/strlschg\/StrlSchG.pdf\"><u>Strahlenschutzgesetz<\/u><\/a><\/strong>&nbsp;und die&nbsp;<strong><a href=\"https:\/\/www.gesetze-im-internet.de\/strlschv_2018\/StrlSchV.pdf\"><u>Strahlenschutzverordnung&nbsp;<\/u><\/a><\/strong>sind aushangpflichtige&nbsp;Dokumente und m\u00fcssen in jeder Praxis vorliegen. Die&nbsp; elektronische Fassung ist ausreichend. Hierbei&nbsp;ist der Speicherort so zu w\u00e4hlen,&nbsp;dass jeder Mitarbeiter\/-in uneingeschr\u00e4nkt Zugang zu den Dateien hat.&nbsp; Die Landeszahn\u00e4rztekammer Baden &#8211; W\u00fcrttemberg hat ein Dokument erstellt, in der alle wichtige Informationen aus dem Strahlenschutzgesetz und der Strahlenschutzverordnung aufgef\u00fchrt sind, die f\u00fcr einen Zahnarzt in der Niederlassung wichtig sind. Diese <a href=\"https:\/\/boris-rudolph.de\/wp-content\/uploads\/2025\/11\/Neues_Strahlenschutzrecht-Zusammenfassung.pdf\" target=\"_blank\" rel=\"noreferrer noopener\"><strong>Zusammenfassung<\/strong><\/a>  ist mit zwei Seite sehr gut verst\u00e4ndlich und  \u00fcbersichtlich. (Autor PD Dr. Schulze)<\/p>\n\n\n\n<div class=\"wp-block-group is-nowrap is-layout-flex wp-container-core-group-is-layout-ad2f72ca wp-block-group-is-layout-flex\">\n<p>Hier erhalten Sie die aktuelle <a href=\"https:\/\/boris-rudolph.de\/wp-content\/uploads\/2025\/10\/SV-RL_konsolidierte-Fassung_SV-RL-2024_final.pdf\" target=\"_blank\" rel=\"noreferrer noopener\"><strong>Sachverst\u00e4ndigenpr\u00fcfrichtlinie<\/strong> <strong>(SV-RL)<\/strong><\/a>. Auf dieser Grundlage f\u00fchren wir die Pr\u00fcfung an der R\u00f6ntgeneinrichtungen aus. In der <a href=\"https:\/\/boris-rudolph.de\/wp-content\/uploads\/2025\/10\/Tabelle5a.pdf\" target=\"_blank\" rel=\"noreferrer noopener\"><strong>Tabelle 5a der SV-RL<\/strong><\/a> werden unterschiedliche Anwendungsbereiche beschrieben. Bei Unklarheiten gibt es&nbsp;<a href=\"https:\/\/boris-rudolph.de\/wp-content\/uploads\/2025\/10\/Einordnungshilfe-zu-Tabellen-E-5a5b-SV-RL-1.pdf\" target=\"_blank\" rel=\"noreferrer noopener\"><strong>hier die offizielle Einordnungshilfe <\/strong><\/a><br><br><a href=\"https:\/\/www.mags.nrw\/strahlenschutz-antragsunterlagen\" target=\"_blank\" rel=\"noreferrer noopener\"><strong>Antr\u00e4ge und Formulare im Strahlenschutz<\/strong>&nbsp;<\/a>\u2013 Link zur Seite des Ministeriums f\u00fcr Arbeit Gesundheit und Soziales des Landes NRW. Die Strahlenschutzdienste des&nbsp;<a href=\"https:\/\/www.lia.nrw.de\/themengebiete\/strahlenschutz\/index.html\" target=\"_blank\" rel=\"noreferrer noopener\"><strong>LIA.nrw<\/strong>&nbsp;<\/a>besch\u00e4ftigen sich mit vielf\u00e4ltigen Themen rund um den Schutz vor ionisierender Strahlung \u2013 am Arbeitsplatz, f\u00fcr die allgemeine Bev\u00f6lkerung und f\u00fcr die Umwelt.<br><br><strong><a href=\"https:\/\/www.bfs.de\/DE\/home\/home_node.html\" target=\"_blank\" rel=\"noreferrer noopener\"><u>Bundesamt f\u00fcr Strahlenschutz&nbsp;<\/u><\/a><\/strong>die offizielle Quelle zum Thema Strahlenschutz \u2013 allgemein<br><br>Das&nbsp;<strong><a href=\"https:\/\/medizinphysik.wiki\/glossar\/dosisflaechenprodukt\/\" target=\"_blank\" rel=\"noreferrer noopener\">Dosisfl\u00e4chenprodukt<\/a><\/strong>&nbsp;(DFP) ist eine Dosisgr\u00f6\u00dfe aus der R\u00f6ntgendiagnostik. Es berechnet sich durch die Multiplikation der Nutzstrahlenfl\u00e4che und der Dosis, die von der Messkammer am Strahlenaustrittsfenster gemessen wird. Das DFP wird \u00fcber eine Untersuchung hinweg aufsummiert.<br>Einfaches Umrechnen der&nbsp;<strong>DFP-Einheiten&nbsp;<\/strong>mittels einer Excel-Tabelle. Das Tool finden Sie&nbsp;<strong><a href=\"https:\/\/www.mta-r.de\/blog\/umrechnung-von-dosisflaechenprodukten\/\" target=\"_blank\" rel=\"noreferrer noopener\">hier<\/a><\/strong>&nbsp;.<br><br><strong>DICOM , DICOM-Viewer und PACS<\/strong><br>Zur Befundung und Betrachtung von R\u00f6ntgenbildern wurde das Standardformat DICOM (Digital Imaging an Communicatios in Medicine) entwickelt. Mit diesem k\u00f6nnen die medizinischen Bilder unabh\u00e4ngig von Ihrem Standort und den eingesetzten R\u00f6ntgeneinrichtungen angezeigt, gespeichert und geteilt werden. Zum Verarbeiten dieser Daten gibt es eine spezielle Software, den DICOM-Viewer. Die Bilder werden zusammen mit den entsprechenden Patientendaten in einer Datenbank gespeichert, die als Picture Archiving an Communication System (PACS) bezeichnet wird. Das PACS kann sowohl in der N\u00e4he der R\u00f6ntgen-einrichtung aufgebaut werden (z.B. beim niedergelassenen Zahnarzt \/ Arzt) oder zentral in einem Rechenzentrum betrieben werden (z.B. bei Krankenh\u00e4usern). Ein \u201eeinfacher\u201c DICOM-Viewer ist der <strong><a href=\"https:\/\/www.microdicom.com\/\" target=\"_blank\" rel=\"noreferrer noopener\">Microdicom<\/a><\/strong>. Es existieren aber viele weitere DICOM-Viewer, die sich in Ihrer Funktionalit\u00e4t unterscheiden. Eine gute Auswahl von DICOM Viewern finden Sie<br><strong><a href=\"https:\/\/www.postdicom.com\/de\/blog\/top-25-free-dicom-viewers\" target=\"_blank\" rel=\"noreferrer noopener\"><u>hier<\/u><\/a><\/strong>.  Insbesondere f\u00fcr die technische Begutachtung von DICOM &#8211; Dateien (im Rahmen der Abnahme und Konstanzpr\u00fcfung) gibt es den <strong><a href=\"https:\/\/www.imaios.com\/de\/imaios-dicom-viewer\" data-type=\"link\" data-id=\"https:\/\/www.imaios.com\/de\/imaios-dicom-viewer\" target=\"_blank\" rel=\"noreferrer noopener\">IMAIOS DICOM  Viewer<\/a><\/strong>. Dieser ist Online-verf\u00fcgbar und somit unabh\u00e4ngig von dem eingesetzten Betriebssystem.<br><br><strong><a href=\"http:\/\/www.hdt-essen.de\/\" target=\"_blank\" rel=\"noreferrer noopener\">Haus der Technik in Essen&nbsp;<\/a><\/strong>regionaler Anbieter von technischen und medizinischen Veranstaltungen im Bereich R\u00f6ntgen (z.B Fachkundeerwerb, Aktualisierung).<br><br><strong><a href=\"http:\/\/www.roentgenmuseum.de\/\" target=\"_blank\" rel=\"noreferrer noopener\">Deutsches R\u00f6ntgenmuseum&nbsp;<\/a>&nbsp;&nbsp;<\/strong>in Remscheid-Lennep, dem Geburtsort von Wilhelm Conrad R\u00f6ntgen<\/p>\n<\/div>\n\n\n\n<div style=\"height:70px\" aria-hidden=\"true\" class=\"wp-block-spacer\"><\/div>\n\n\n\n<p><strong>Linux Mint<\/strong> &#8211; das freie Betriebssystem (Open Source)<\/p>\n\n\n\n<p><strong><a href=\"https:\/\/www.linuxguides.de\/\">Linux Guides<\/a> <\/strong> Jean-Fr\u00e9d\u00e9ric Vogelbacher erkl\u00e4rt auf sehr gute Weise die Vorz\u00fcge von Linux Mint u.a. in <a href=\"https:\/\/www.youtube.com\/channel\/UCHZyqB9qHGGGw5QeRVEbQDg\"><strong>Youtube Videos<\/strong> <\/a> und bietet auch einen professionellen Support an. Diesen habe ich ich selber einmal genutzt &#8211; sehr kompetent und bezahlbar. Dar\u00fcberhinhaus gibt es auch ein <a href=\"https:\/\/forum.linuxguides.de\/\" data-type=\"link\" data-id=\"https:\/\/forum.linuxguides.de\/\"><strong>Forum<\/strong><\/a>.<\/p>\n\n\n\n<p><\/p>\n","protected":false},"excerpt":{"rendered":"<p>Wissenswertes Anleitung zur Pr\u00fcfung der Artefaktfreiheit von Speicherfoliensystemen&nbsp;nach Abschnitt 3.2.17 der QS-RL &nbsp;Download des&nbsp;Pr\u00fcfprotokolls&nbsp;zur Artefaktpr\u00fcfung Qualit\u00e4tspr\u00fcfung der in Gebrauch befindlicher Schutzkleidung (DIN 6857-2)Ein&nbsp;Vortrag&nbsp;von Frau Dr. Top und Herr Prof.Dr. Ewen&hellip;<\/p>\n","protected":false},"author":1,"featured_media":0,"parent":0,"menu_order":0,"comment_status":"closed","ping_status":"closed","template":"","meta":{"footnotes":""},"class_list":["post-27","page","type-page","status-publish","hentry"],"_links":{"self":[{"href":"https:\/\/boris-rudolph.de\/welcome-to-https-boris-rudolph-de\/wp-json\/wp\/v2\/pages\/27","targetHints":{"allow":["GET"]}}],"collection":[{"href":"https:\/\/boris-rudolph.de\/welcome-to-https-boris-rudolph-de\/wp-json\/wp\/v2\/pages"}],"about":[{"href":"https:\/\/boris-rudolph.de\/welcome-to-https-boris-rudolph-de\/wp-json\/wp\/v2\/types\/page"}],"author":[{"embeddable":true,"href":"https:\/\/boris-rudolph.de\/welcome-to-https-boris-rudolph-de\/wp-json\/wp\/v2\/users\/1"}],"replies":[{"embeddable":true,"href":"https:\/\/boris-rudolph.de\/welcome-to-https-boris-rudolph-de\/wp-json\/wp\/v2\/comments?post=27"}],"version-history":[{"count":26,"href":"https:\/\/boris-rudolph.de\/welcome-to-https-boris-rudolph-de\/wp-json\/wp\/v2\/pages\/27\/revisions"}],"predecessor-version":[{"id":444,"href":"https:\/\/boris-rudolph.de\/welcome-to-https-boris-rudolph-de\/wp-json\/wp\/v2\/pages\/27\/revisions\/444"}],"wp:attachment":[{"href":"https:\/\/boris-rudolph.de\/welcome-to-https-boris-rudolph-de\/wp-json\/wp\/v2\/media?parent=27"}],"curies":[{"name":"wp","href":"https:\/\/api.w.org\/{rel}","templated":true}]}}