{"id":26,"date":"2025-10-04T12:02:15","date_gmt":"2025-10-04T12:02:15","guid":{"rendered":"https:\/\/boris-rudolph.de\/?page_id=26"},"modified":"2025-10-17T15:46:32","modified_gmt":"2025-10-17T15:46:32","slug":"vita","status":"publish","type":"page","link":"https:\/\/boris-rudolph.de\/welcome-to-https-boris-rudolph-de\/vita\/","title":{"rendered":"Vita"},"content":{"rendered":"\n<h2 class=\"wp-block-heading\">Vita<\/h2>\n\n\n<div class=\"wp-block-image\">\n<figure class=\"alignright size-full is-resized\"><img loading=\"lazy\" decoding=\"async\" width=\"250\" height=\"188\" src=\"https:\/\/boris-rudolph.de\/wp-content\/uploads\/2025\/10\/img_0076.jpg\" alt=\"\" class=\"wp-image-85\" style=\"width:368px;height:auto\"\/><\/figure>\n<\/div>\n\n\n<p><strong>1975 \u2013<\/strong> Jahrgang<\/p>\n\n\n\n<p><strong>1995 \u2013<\/strong> Abitur<\/p>\n\n\n\n<p><strong>1995 \u2013<\/strong> Wehrdienst (Fernmeldetechnik)<\/p>\n\n\n\n<p><strong>1996 \u2013<\/strong> Studium der Elektrotechnik<\/p>\n\n\n\n<p><strong>1999 \u2013<\/strong> Diplomarbeit bei Thyssen-Krupp     Information Services<\/p>\n\n\n\n<p><strong>2000 \u2013<\/strong> Abschluss Dipl.-Ing<\/p>\n\n\n\n<p><strong>2000 \u2013<\/strong> Ernst and Young \u2013 Wirtschaftspr\u00fcfungsgesellschaft<\/p>\n\n\n\n<p><strong>2002 \u2013<\/strong> CISA-Examen (Certified Information System Auditor)<\/p>\n\n\n\n<p><strong>2004 \u2013<\/strong>  Strahlenschutzkurs f\u00fcr die Fachgruppe R.6.1 und R.6.2<\/p>\n\n\n\n<p><strong>2005 \u2013<\/strong> T\u00e4tigkeit im Ing. und Sachverst\u00e4ndigenb\u00fcro Gerd Rudolph<br>              Erwerb der ben\u00f6tigten Fach- und&nbsp;Sachkunde<\/p>\n\n\n\n<p><strong>2008 \u2013<\/strong> CDMAM Kurs im Referenzzentrum Mammographie an der&nbsp;<br>              UNI&nbsp;&nbsp;M\u00fcnster<\/p>\n\n\n\n<p><strong>2009 \u2013<\/strong> Bestimmung zum beh\u00f6rdlichen Sachverst\u00e4ndigen durch &nbsp;<br>             die Bezirksregierung D\u00fcsseldorf<\/p>\n\n\n\n<p><strong>2010 \u2013<\/strong> Strahlenschutzkurs der Fachgruppe S.1.1, S1.2, S1.3&nbsp;&amp; S2.1<\/p>\n","protected":false},"excerpt":{"rendered":"<p>Vita 1975 \u2013 Jahrgang 1995 \u2013 Abitur 1995 \u2013 Wehrdienst (Fernmeldetechnik) 1996 \u2013 Studium der Elektrotechnik 1999 \u2013 Diplomarbeit bei Thyssen-Krupp Information Services 2000 \u2013 Abschluss Dipl.-Ing 2000 \u2013 Ernst&hellip;<\/p>\n","protected":false},"author":1,"featured_media":0,"parent":0,"menu_order":0,"comment_status":"closed","ping_status":"closed","template":"","meta":{"footnotes":""},"class_list":["post-26","page","type-page","status-publish","hentry"],"_links":{"self":[{"href":"https:\/\/boris-rudolph.de\/welcome-to-https-boris-rudolph-de\/wp-json\/wp\/v2\/pages\/26","targetHints":{"allow":["GET"]}}],"collection":[{"href":"https:\/\/boris-rudolph.de\/welcome-to-https-boris-rudolph-de\/wp-json\/wp\/v2\/pages"}],"about":[{"href":"https:\/\/boris-rudolph.de\/welcome-to-https-boris-rudolph-de\/wp-json\/wp\/v2\/types\/page"}],"author":[{"embeddable":true,"href":"https:\/\/boris-rudolph.de\/welcome-to-https-boris-rudolph-de\/wp-json\/wp\/v2\/users\/1"}],"replies":[{"embeddable":true,"href":"https:\/\/boris-rudolph.de\/welcome-to-https-boris-rudolph-de\/wp-json\/wp\/v2\/comments?post=26"}],"version-history":[{"count":10,"href":"https:\/\/boris-rudolph.de\/welcome-to-https-boris-rudolph-de\/wp-json\/wp\/v2\/pages\/26\/revisions"}],"predecessor-version":[{"id":310,"href":"https:\/\/boris-rudolph.de\/welcome-to-https-boris-rudolph-de\/wp-json\/wp\/v2\/pages\/26\/revisions\/310"}],"wp:attachment":[{"href":"https:\/\/boris-rudolph.de\/welcome-to-https-boris-rudolph-de\/wp-json\/wp\/v2\/media?parent=26"}],"curies":[{"name":"wp","href":"https:\/\/api.w.org\/{rel}","templated":true}]}}