{"id":142,"date":"2025-10-04T21:40:29","date_gmt":"2025-10-04T21:40:29","guid":{"rendered":"https:\/\/boris-rudolph.de\/?page_id=142"},"modified":"2025-10-15T13:33:20","modified_gmt":"2025-10-15T13:33:20","slug":"pruefleistungen","status":"publish","type":"page","link":"https:\/\/boris-rudolph.de\/welcome-to-https-boris-rudolph-de\/pruefleistungen\/","title":{"rendered":"Pr\u00fcfleistungen"},"content":{"rendered":"\n<h2 class=\"wp-block-heading\">Pr\u00fcfleistungen<\/h2>\n\n\n<div class=\"wp-block-image\">\n<figure class=\"alignright size-large is-resized\"><img loading=\"lazy\" decoding=\"async\" width=\"768\" height=\"1024\" src=\"https:\/\/boris-rudolph.de\/wp-content\/uploads\/2025\/10\/20200220_113701-2-768x1024.jpg\" alt=\"\" class=\"wp-image-148\" style=\"width:344px;height:auto\" srcset=\"https:\/\/boris-rudolph.de\/wp-content\/uploads\/2025\/10\/20200220_113701-2-768x1024.jpg 768w, https:\/\/boris-rudolph.de\/wp-content\/uploads\/2025\/10\/20200220_113701-2-225x300.jpg 225w, https:\/\/boris-rudolph.de\/wp-content\/uploads\/2025\/10\/20200220_113701-2-1152x1536.jpg 1152w, https:\/\/boris-rudolph.de\/wp-content\/uploads\/2025\/10\/20200220_113701-2-1536x2048.jpg 1536w, https:\/\/boris-rudolph.de\/wp-content\/uploads\/2025\/10\/20200220_113701-2-scaled.jpg 1920w\" sizes=\"auto, (max-width: 768px) 100vw, 768px\" \/><\/figure>\n<\/div>\n\n\n<p>Sachverst\u00e4ndigenpr\u00fcfung <strong>vor Inbetriebnahme<\/strong> einer R\u00f6ntgeneinrichtung nach \u00a7 19 Abs. 3 Satz 1 Nr.1 Strahlenschutzgesetz&nbsp;(<a href=\"https:\/\/www.gesetze-im-internet.de\/strlschg\/StrlSchG.pdf\" target=\"_blank\" rel=\"noreferrer noopener\"><strong>StrlSchG<\/strong><\/a>)<\/p>\n\n\n\n<p>Sachverst\u00e4ndigenpr\u00fcfung nach \u00a7 19 Abs. 5 Nr (<a href=\"https:\/\/www.gesetze-im-internet.de\/strlschg\/StrlSchG.pdf\" target=\"_blank\" rel=\"noreferrer noopener\"><strong>StrlSchG<\/strong><\/a>) bei <strong>wesentlichen \u00c4nderungen<\/strong><\/p>\n\n\n\n<p>Diese\u00a0sind in der Sachverst\u00e4ndigenpr\u00fcfrichtlinie <a href=\"https:\/\/boris-rudolph.de\/wp-content\/uploads\/2025\/10\/SV-RL_konsolidierte-Fassung_SV-RL-2024_final.pdf\" target=\"_blank\" rel=\"noreferrer noopener\">SV-RL<\/a>)\u00a0Anlage II, Tabelle II,\u00a0definiert; u.a.\u00a0ist bei folgenden \u00c4nderungen eine Sachverst\u00e4ndigenpr\u00fcfung\u00a0durchzuf\u00fchren:<\/p>\n\n\n\n<ul class=\"wp-block-list\">\n<li><strong>\u00c4nderung des Aufstellungsortes<\/strong><\/li>\n\n\n\n<li><strong>Einbau eines weiteren Anwendungsger\u00e4tes (z.B.&nbsp;Tisch, Wandstativ)<\/strong><\/li>\n\n\n\n<li><strong>Austausch des Generators<\/strong><\/li>\n\n\n\n<li><strong>Umstellung auf digitalen Bildempf\u00e4nger<\/strong><\/li>\n\n\n\n<li><strong>bauliche \u00c4nderungen&nbsp;des R\u00f6ntgenraums&nbsp;<\/strong><\/li>\n\n\n\n<li><strong>\u00c4nderung der Betriebsdaten<\/strong><\/li>\n\n\n\n<li><strong>\u00c4nderung der Anwendungen<\/strong><\/li>\n<\/ul>\n\n\n\n<p><strong>Wiederkehrende Sachverst\u00e4ndigenpr\u00fcfung<\/strong> (5-Jahres Intervall) an R\u00f6ntgeneinrichtungen nach der Strahlenschutzverordnung (<a href=\"https:\/\/www.gesetze-im-internet.de\/strlschv_2018\/StrlSchV.pdf\" target=\"_blank\" rel=\"noreferrer noopener\"><strong>StrlSchV<\/strong><\/a>)&nbsp;(\u00a7 88 Abs.&nbsp;4 Nr.1) bei unver\u00e4ndertem Betrieb<\/p>\n","protected":false},"excerpt":{"rendered":"<p>Pr\u00fcfleistungen Sachverst\u00e4ndigenpr\u00fcfung vor Inbetriebnahme einer R\u00f6ntgeneinrichtung nach \u00a7 19 Abs. 3 Satz 1 Nr.1 Strahlenschutzgesetz&nbsp;(StrlSchG) Sachverst\u00e4ndigenpr\u00fcfung nach \u00a7 19 Abs. 5 Nr (StrlSchG) bei wesentlichen \u00c4nderungen Diese\u00a0sind in der Sachverst\u00e4ndigenpr\u00fcfrichtlinie&hellip;<\/p>\n","protected":false},"author":1,"featured_media":0,"parent":0,"menu_order":0,"comment_status":"closed","ping_status":"closed","template":"","meta":{"footnotes":""},"class_list":["post-142","page","type-page","status-publish","hentry"],"_links":{"self":[{"href":"https:\/\/boris-rudolph.de\/welcome-to-https-boris-rudolph-de\/wp-json\/wp\/v2\/pages\/142","targetHints":{"allow":["GET"]}}],"collection":[{"href":"https:\/\/boris-rudolph.de\/welcome-to-https-boris-rudolph-de\/wp-json\/wp\/v2\/pages"}],"about":[{"href":"https:\/\/boris-rudolph.de\/welcome-to-https-boris-rudolph-de\/wp-json\/wp\/v2\/types\/page"}],"author":[{"embeddable":true,"href":"https:\/\/boris-rudolph.de\/welcome-to-https-boris-rudolph-de\/wp-json\/wp\/v2\/users\/1"}],"replies":[{"embeddable":true,"href":"https:\/\/boris-rudolph.de\/welcome-to-https-boris-rudolph-de\/wp-json\/wp\/v2\/comments?post=142"}],"version-history":[{"count":7,"href":"https:\/\/boris-rudolph.de\/welcome-to-https-boris-rudolph-de\/wp-json\/wp\/v2\/pages\/142\/revisions"}],"predecessor-version":[{"id":298,"href":"https:\/\/boris-rudolph.de\/welcome-to-https-boris-rudolph-de\/wp-json\/wp\/v2\/pages\/142\/revisions\/298"}],"wp:attachment":[{"href":"https:\/\/boris-rudolph.de\/welcome-to-https-boris-rudolph-de\/wp-json\/wp\/v2\/media?parent=142"}],"curies":[{"name":"wp","href":"https:\/\/api.w.org\/{rel}","templated":true}]}}